{"id":101,"date":"2012-02-20T16:57:21","date_gmt":"2012-02-20T16:57:21","guid":{"rendered":"http:\/\/localhost:8888\/bvcgraz\/?page_id=101"},"modified":"2012-04-09T16:29:16","modified_gmt":"2012-04-09T16:29:16","slug":"geschichte","status":"publish","type":"page","link":"https:\/\/www.beachvolleygraz.com\/?page_id=101","title":{"rendered":"Geschichte"},"content":{"rendered":"<p><strong>1998<\/strong> Gr\u00fcndung des Beach Volley Club Graz (anfangs \u00b4Spike\u00b4), mittlerweile der gr\u00f6\u00dfte Beach Club der Steiermark mit \u00fcber 150 Mitgliedern<\/p>\n<p><strong>1998\/1999<\/strong> Planung und Bau der Beach Volleyball Anlage Mur Beach<\/p>\n<p><strong>2000<\/strong> Inbetriebnahme des Beach Centers im Bad Eggenberg<\/p>\n<p><strong>2001<\/strong> Erweiterung der Beach Anlage in Eggenberg von 3 auf vier Pl\u00e4tze<\/p>\n<p><strong>2002<\/strong> World Trophy mit den weltbesten Spielern (Dain Blanton, Olympiasieger, Martin Conde, Weltmeister, Loiola, Weltmeister, Clemens Doppler, Nik Berger, Europameister) in Graz-Eggenberg<\/p>\n<p><strong>2005<\/strong> \u00dcbernahme und Neubau des \u00b4Caf\u00e9 Mur Beach\u00b4<\/p>\n<p><strong>2008<\/strong> Austragung der \u00f6sterr. Staatsmeisterschaften im Beach Volleyball am Mur Beach<\/p>\n<p><strong>2009<\/strong> Start Neubau Bad Eggenberg: dadurch eingeschr\u00e4nkter Beach Volleyball Betrieb<\/p>\n<p><strong>2009 und 2010<\/strong> Austragung \u00b4D1 Summeropening\u00b4 zu Saisonbeginn und des \u00b4Spark7 A Beach Cups\u00b4: Sieger: Tomek DYNKOWSKI und Ingmar ZIPPER<\/p>\n<p><strong>2010<\/strong> Austragung \u00b4D1 Summeropening\u00b4 Anfang Mai und des \u00b4SPARK7 A BEACH CUPS\u00b4: Sieger: HITZENBICHLER\/H\u00dcTHALER<\/p>\n<p>&nbsp;<\/p>\n","protected":false},"excerpt":{"rendered":"<p>1998 Gr\u00fcndung des Beach Volley Club Graz (anfangs \u00b4Spike\u00b4), mittlerweile der gr\u00f6\u00dfte Beach Club der Steiermark mit \u00fcber 150 Mitgliedern 1998\/1999 Planung und Bau der Beach Volleyball Anlage Mur Beach 2000 Inbetriebnahme des Beach Centers im Bad Eggenberg 2001 Erweiterung &hellip; <a href=\"https:\/\/www.beachvolleygraz.com\/?page_id=101\">Weiterlesen <span class=\"meta-nav\">&rarr;<\/span><\/a><\/p>\n","protected":false},"author":2,"featured_media":0,"parent":9,"menu_order":0,"comment_status":"closed","ping_status":"closed","template":"","meta":{"jetpack_post_was_ever_published":false,"footnotes":""},"jetpack_sharing_enabled":true,"jetpack_shortlink":"https:\/\/wp.me\/P61ydw-1D","_links":{"self":[{"href":"https:\/\/www.beachvolleygraz.com\/index.php?rest_route=\/wp\/v2\/pages\/101"}],"collection":[{"href":"https:\/\/www.beachvolleygraz.com\/index.php?rest_route=\/wp\/v2\/pages"}],"about":[{"href":"https:\/\/www.beachvolleygraz.com\/index.php?rest_route=\/wp\/v2\/types\/page"}],"author":[{"embeddable":true,"href":"https:\/\/www.beachvolleygraz.com\/index.php?rest_route=\/wp\/v2\/users\/2"}],"replies":[{"embeddable":true,"href":"https:\/\/www.beachvolleygraz.com\/index.php?rest_route=%2Fwp%2Fv2%2Fcomments&post=101"}],"version-history":[{"count":5,"href":"https:\/\/www.beachvolleygraz.com\/index.php?rest_route=\/wp\/v2\/pages\/101\/revisions"}],"predecessor-version":[{"id":296,"href":"https:\/\/www.beachvolleygraz.com\/index.php?rest_route=\/wp\/v2\/pages\/101\/revisions\/296"}],"up":[{"embeddable":true,"href":"https:\/\/www.beachvolleygraz.com\/index.php?rest_route=\/wp\/v2\/pages\/9"}],"wp:attachment":[{"href":"https:\/\/www.beachvolleygraz.com\/index.php?rest_route=%2Fwp%2Fv2%2Fmedia&parent=101"}],"curies":[{"name":"wp","href":"https:\/\/api.w.org\/{rel}","templated":true}]}}