{"id":12,"date":"2012-02-20T14:37:59","date_gmt":"2012-02-20T14:37:59","guid":{"rendered":"http:\/\/localhost:8888\/bvcgraz\/?page_id=12"},"modified":"2015-03-15T20:52:44","modified_gmt":"2015-03-15T20:52:44","slug":"vorstand","status":"publish","type":"page","link":"https:\/\/www.beachvolleygraz.com\/?page_id=12","title":{"rendered":"Vorstand"},"content":{"rendered":"<p><strong>Mag. Ingo Gruber<\/strong> (Obmann)<br \/>\n<strong>Florian Knopper<\/strong> (Kassier)<br \/>\n<strong>Frederick Laure<\/strong> (Obmann Stellvertreter)<br \/>\n<strong>Sebastian Tatra<\/strong> (Schriftf\u00fchrer)<\/p>\n<p>Der \u00b4Beach Volley Club Graz\u00b4 wurde 1998 gegr\u00fcndet und ist mit \u00fcber 150 aktiven Mitgliedern der gr\u00f6\u00dfte Beach Volleyball Verein in der Steiermark.<\/p>\n<p>Der Verein trainiert die besten Beach-Teams der Steiermark, organisiert Turniere und f\u00f6rdert den geselligen Charakter der beliebtesten Sommersportart. Plattform der Clubaktivit\u00e4ten sind die beiden Beach Zentren &#8222;Auster Beach&#8220; und &#8222;Mur Beach&#8220;.<\/p>\n<p>&nbsp;<\/p>\n","protected":false},"excerpt":{"rendered":"<p>Mag. Ingo Gruber (Obmann) Florian Knopper (Kassier) Frederick Laure (Obmann Stellvertreter) Sebastian Tatra (Schriftf\u00fchrer) Der \u00b4Beach Volley Club Graz\u00b4 wurde 1998 gegr\u00fcndet und ist mit \u00fcber 150 aktiven Mitgliedern der gr\u00f6\u00dfte Beach Volleyball Verein in der Steiermark. Der Verein trainiert &hellip; <a href=\"https:\/\/www.beachvolleygraz.com\/?page_id=12\">Weiterlesen <span class=\"meta-nav\">&rarr;<\/span><\/a><\/p>\n","protected":false},"author":2,"featured_media":0,"parent":9,"menu_order":0,"comment_status":"closed","ping_status":"closed","template":"","meta":{"jetpack_post_was_ever_published":false,"footnotes":""},"jetpack_sharing_enabled":true,"jetpack_shortlink":"https:\/\/wp.me\/P61ydw-c","_links":{"self":[{"href":"https:\/\/www.beachvolleygraz.com\/index.php?rest_route=\/wp\/v2\/pages\/12"}],"collection":[{"href":"https:\/\/www.beachvolleygraz.com\/index.php?rest_route=\/wp\/v2\/pages"}],"about":[{"href":"https:\/\/www.beachvolleygraz.com\/index.php?rest_route=\/wp\/v2\/types\/page"}],"author":[{"embeddable":true,"href":"https:\/\/www.beachvolleygraz.com\/index.php?rest_route=\/wp\/v2\/users\/2"}],"replies":[{"embeddable":true,"href":"https:\/\/www.beachvolleygraz.com\/index.php?rest_route=%2Fwp%2Fv2%2Fcomments&post=12"}],"version-history":[{"count":3,"href":"https:\/\/www.beachvolleygraz.com\/index.php?rest_route=\/wp\/v2\/pages\/12\/revisions"}],"predecessor-version":[{"id":458,"href":"https:\/\/www.beachvolleygraz.com\/index.php?rest_route=\/wp\/v2\/pages\/12\/revisions\/458"}],"up":[{"embeddable":true,"href":"https:\/\/www.beachvolleygraz.com\/index.php?rest_route=\/wp\/v2\/pages\/9"}],"wp:attachment":[{"href":"https:\/\/www.beachvolleygraz.com\/index.php?rest_route=%2Fwp%2Fv2%2Fmedia&parent=12"}],"curies":[{"name":"wp","href":"https:\/\/api.w.org\/{rel}","templated":true}]}}