{"id":15,"date":"2012-02-20T14:38:40","date_gmt":"2012-02-20T14:38:40","guid":{"rendered":"http:\/\/localhost:8888\/bvcgraz\/?page_id=15"},"modified":"2017-04-27T20:07:23","modified_gmt":"2017-04-27T20:07:23","slug":"mitgliedschaft","status":"publish","type":"page","link":"https:\/\/www.beachvolleygraz.com\/?page_id=15","title":{"rendered":"Mitgliedschaft"},"content":{"rendered":"<p>Dem BVC Graz k\u00f6nnen alle Spieler\/innen beitreten, die auf unseren Trainings- und Wettkampst\u00e4tten Auster Beach und Mur Beach trainieren und spielen und sich der Beach Community des BVC Graz anschlie\u00dfen m\u00f6chten.<\/p>\n<p>H\u00f6he des Mitgliedsbeitrag <strong>\u0080 20,00<\/strong><br \/>\nf\u00fcr Jugendliche bis 18 Jahre <strong>\u0080 15,00<\/strong><\/p>\n<p>BVC-Mitglieder werden \u00fcber alle Events informiert, k\u00f6nnen das Trainingsequipement (B\u00e4lle, Fitnessger\u00e4te, Weight Wests, etc.) kostenlos nutzen und sind zu allen geselligen Zusammenk\u00fcnften wie Sommerfest und Weihnachtsfeier eingeladen.<br \/>\nAlle Mitglieder erhalten ebenso ein aktuelle BVC Graz T-Shirt.<\/p>\n<p><strong>\u00a0<\/strong><\/p>\n","protected":false},"excerpt":{"rendered":"<p>Dem BVC Graz k\u00f6nnen alle Spieler\/innen beitreten, die auf unseren Trainings- und Wettkampst\u00e4tten Auster Beach und Mur Beach trainieren und spielen und sich der Beach Community des BVC Graz anschlie\u00dfen m\u00f6chten. H\u00f6he des Mitgliedsbeitrag \u0080 20,00 f\u00fcr Jugendliche bis 18 &hellip; <a href=\"https:\/\/www.beachvolleygraz.com\/?page_id=15\">Weiterlesen <span class=\"meta-nav\">&rarr;<\/span><\/a><\/p>\n","protected":false},"author":2,"featured_media":0,"parent":9,"menu_order":0,"comment_status":"closed","ping_status":"closed","template":"","meta":{"jetpack_post_was_ever_published":false,"footnotes":""},"jetpack_sharing_enabled":true,"jetpack_shortlink":"https:\/\/wp.me\/P61ydw-f","_links":{"self":[{"href":"https:\/\/www.beachvolleygraz.com\/index.php?rest_route=\/wp\/v2\/pages\/15"}],"collection":[{"href":"https:\/\/www.beachvolleygraz.com\/index.php?rest_route=\/wp\/v2\/pages"}],"about":[{"href":"https:\/\/www.beachvolleygraz.com\/index.php?rest_route=\/wp\/v2\/types\/page"}],"author":[{"embeddable":true,"href":"https:\/\/www.beachvolleygraz.com\/index.php?rest_route=\/wp\/v2\/users\/2"}],"replies":[{"embeddable":true,"href":"https:\/\/www.beachvolleygraz.com\/index.php?rest_route=%2Fwp%2Fv2%2Fcomments&post=15"}],"version-history":[{"count":14,"href":"https:\/\/www.beachvolleygraz.com\/index.php?rest_route=\/wp\/v2\/pages\/15\/revisions"}],"predecessor-version":[{"id":602,"href":"https:\/\/www.beachvolleygraz.com\/index.php?rest_route=\/wp\/v2\/pages\/15\/revisions\/602"}],"up":[{"embeddable":true,"href":"https:\/\/www.beachvolleygraz.com\/index.php?rest_route=\/wp\/v2\/pages\/9"}],"wp:attachment":[{"href":"https:\/\/www.beachvolleygraz.com\/index.php?rest_route=%2Fwp%2Fv2%2Fmedia&parent=15"}],"curies":[{"name":"wp","href":"https:\/\/api.w.org\/{rel}","templated":true}]}}