{"id":578,"date":"2016-06-02T09:02:50","date_gmt":"2016-06-02T09:02:50","guid":{"rendered":"http:\/\/www.beachvolleygraz.com\/?page_id=578"},"modified":"2017-04-27T19:59:05","modified_gmt":"2017-04-27T19:59:05","slug":"hobbyspieler-trainings","status":"publish","type":"page","link":"https:\/\/www.beachvolleygraz.com\/?page_id=578","title":{"rendered":"Hobbyspieler Trainings"},"content":{"rendered":"<p><span style=\"text-decoration: underline;\"><strong>Hobbyspieler Trainings<\/strong><\/span><\/p>\n<p>Auch heuer bieten wir, aufgrund der guten Nachfrage im letzten Jahr, Trainings f\u00fcr Hobbyspieler aller Leistungsklassen an.<\/p>\n<p>Jeden <strong>Mittwoch von 19.30 bis 21 Uhr<\/strong> haben 8 Hobbyspieler, ab 16 Jahren, die M\u00f6glichkeit sich einen Kursplatz \u00fcber <span style=\"text-decoration: underline;\">http:\/\/venuzle.at\/anbieter\/mur-beach-graz\/\u00a0<\/span> zu reservieren und einzubuchen.<\/p>\n<p>Dauer: 1,5 Stunden<br \/>\nKosten: 12 \u20ac ( inkl. Platzmiete, Trainer, B\u00e4lle)<br \/>\n<span style=\"text-decoration: underline;\"><strong>Voranmeldung \u00fcber Venuzle erforderlich!<\/strong><\/span><\/p>\n<p><a href=\"http:\/\/gu73c.w4yserver.at\/wp-content\/uploads\/2015\/08\/lms2.jpg\"><img loading=\"lazy\" decoding=\"async\" class=\"alignnone size-medium wp-image-453\" src=\"http:\/\/gu73c.w4yserver.at\/wp-content\/uploads\/2015\/08\/lms2-300x200.jpg\" alt=\"lms2\" width=\"300\" height=\"200\" \/><\/a><\/p>\n","protected":false},"excerpt":{"rendered":"<p>Hobbyspieler Trainings Auch heuer bieten wir, aufgrund der guten Nachfrage im letzten Jahr, Trainings f\u00fcr Hobbyspieler aller Leistungsklassen an. Jeden Mittwoch von 19.30 bis 21 Uhr haben 8 Hobbyspieler, ab 16 Jahren, die M\u00f6glichkeit sich einen Kursplatz \u00fcber http:\/\/venuzle.at\/anbieter\/mur-beach-graz\/\u00a0 zu &hellip; <a href=\"https:\/\/www.beachvolleygraz.com\/?page_id=578\">Weiterlesen <span class=\"meta-nav\">&rarr;<\/span><\/a><\/p>\n","protected":false},"author":8,"featured_media":0,"parent":0,"menu_order":0,"comment_status":"closed","ping_status":"closed","template":"","meta":{"jetpack_post_was_ever_published":false,"footnotes":""},"jetpack_sharing_enabled":true,"jetpack_shortlink":"https:\/\/wp.me\/P61ydw-9k","_links":{"self":[{"href":"https:\/\/www.beachvolleygraz.com\/index.php?rest_route=\/wp\/v2\/pages\/578"}],"collection":[{"href":"https:\/\/www.beachvolleygraz.com\/index.php?rest_route=\/wp\/v2\/pages"}],"about":[{"href":"https:\/\/www.beachvolleygraz.com\/index.php?rest_route=\/wp\/v2\/types\/page"}],"author":[{"embeddable":true,"href":"https:\/\/www.beachvolleygraz.com\/index.php?rest_route=\/wp\/v2\/users\/8"}],"replies":[{"embeddable":true,"href":"https:\/\/www.beachvolleygraz.com\/index.php?rest_route=%2Fwp%2Fv2%2Fcomments&post=578"}],"version-history":[{"count":2,"href":"https:\/\/www.beachvolleygraz.com\/index.php?rest_route=\/wp\/v2\/pages\/578\/revisions"}],"predecessor-version":[{"id":598,"href":"https:\/\/www.beachvolleygraz.com\/index.php?rest_route=\/wp\/v2\/pages\/578\/revisions\/598"}],"wp:attachment":[{"href":"https:\/\/www.beachvolleygraz.com\/index.php?rest_route=%2Fwp%2Fv2%2Fmedia&parent=578"}],"curies":[{"name":"wp","href":"https:\/\/api.w.org\/{rel}","templated":true}]}}