{"id":58,"date":"2012-02-20T15:36:58","date_gmt":"2012-02-20T15:36:58","guid":{"rendered":"http:\/\/localhost:8888\/bvcgraz\/?page_id=58"},"modified":"2012-02-20T15:36:58","modified_gmt":"2012-02-20T15:36:58","slug":"unsere-beachanlagen","status":"publish","type":"page","link":"https:\/\/www.beachvolleygraz.com\/?page_id=58","title":{"rendered":"Trainingscourts"},"content":{"rendered":"<p><strong>Cafe Mur Beach<\/strong><br \/>\nMakartgasse 30<br \/>\n8010 Graz<\/p>\n<p><iframe loading=\"lazy\" src=\"http:\/\/maps.google.at\/maps?f=q&amp;source=s_q&amp;hl=de&amp;geocode=&amp;q=makartgasse+30,+graz&amp;aq=&amp;sll=47.091455,15.358114&amp;sspn=0.025215,0.0418&amp;ie=UTF8&amp;hq=&amp;hnear=Makartgasse+30,+Geidorf+8010+Graz,+Steiermark&amp;t=h&amp;ll=47.093676,15.421007&amp;spn=0.007012,0.013733&amp;z=16&amp;iwloc=A&amp;output=embed\" frameborder=\"0\" marginwidth=\"0\" marginheight=\"0\" scrolling=\"no\" width=\"640\" height=\"480\"><\/iframe><br \/>\n<small><a style=\"color: #0000ff; text-align: left;\" href=\"http:\/\/maps.google.at\/maps?f=q&amp;source=embed&amp;hl=de&amp;geocode=&amp;q=makartgasse+30,+graz&amp;aq=&amp;sll=47.091455,15.358114&amp;sspn=0.025215,0.0418&amp;ie=UTF8&amp;hq=&amp;hnear=Makartgasse+30,+Geidorf+8010+Graz,+Steiermark&amp;t=h&amp;ll=47.093676,15.421007&amp;spn=0.007012,0.013733&amp;z=16&amp;iwloc=A\">Gr\u00f6\u00dfere Kartenansicht<\/a><\/small><\/p>\n<p>&nbsp;<\/p>\n<p><strong>SPARK7 Auster Beach<\/strong><br \/>\nJanzgasse 21<br \/>\n8020 Graz<\/p>\n<p><iframe loading=\"lazy\" src=\"http:\/\/maps.google.at\/maps?f=q&amp;source=s_q&amp;hl=de&amp;geocode=&amp;q=janzgasse+21,+graz&amp;aq=&amp;sll=47.072595,15.401612&amp;sspn=0.006306,0.01045&amp;g=janzgasse+22,+graz&amp;ie=UTF8&amp;hq=&amp;hnear=Janzgasse+21,+Eggenberg+8020+Graz,+Steiermark&amp;t=h&amp;ll=47.073834,15.400386&amp;spn=0.007015,0.013733&amp;z=16&amp;iwloc=A&amp;output=embed\" frameborder=\"0\" marginwidth=\"0\" marginheight=\"0\" scrolling=\"no\" width=\"640\" height=\"480\"><\/iframe><br \/>\n<small><a style=\"color: #0000ff; text-align: left;\" href=\"http:\/\/maps.google.at\/maps?f=q&amp;source=embed&amp;hl=de&amp;geocode=&amp;q=janzgasse+21,+graz&amp;aq=&amp;sll=47.072595,15.401612&amp;sspn=0.006306,0.01045&amp;g=janzgasse+22,+graz&amp;ie=UTF8&amp;hq=&amp;hnear=Janzgasse+21,+Eggenberg+8020+Graz,+Steiermark&amp;t=h&amp;ll=47.073834,15.400386&amp;spn=0.007015,0.013733&amp;z=16&amp;iwloc=A\">Gr\u00f6\u00dfere Kartenansicht<\/a><\/small><\/p>\n","protected":false},"excerpt":{"rendered":"<p>Cafe Mur Beach Makartgasse 30 8010 Graz Gr\u00f6\u00dfere Kartenansicht &nbsp; SPARK7 Auster Beach Janzgasse 21 8020 Graz Gr\u00f6\u00dfere Kartenansicht<\/p>\n","protected":false},"author":2,"featured_media":0,"parent":0,"menu_order":0,"comment_status":"closed","ping_status":"closed","template":"","meta":{"jetpack_post_was_ever_published":false,"footnotes":""},"jetpack_sharing_enabled":true,"jetpack_shortlink":"https:\/\/wp.me\/P61ydw-W","_links":{"self":[{"href":"https:\/\/www.beachvolleygraz.com\/index.php?rest_route=\/wp\/v2\/pages\/58"}],"collection":[{"href":"https:\/\/www.beachvolleygraz.com\/index.php?rest_route=\/wp\/v2\/pages"}],"about":[{"href":"https:\/\/www.beachvolleygraz.com\/index.php?rest_route=\/wp\/v2\/types\/page"}],"author":[{"embeddable":true,"href":"https:\/\/www.beachvolleygraz.com\/index.php?rest_route=\/wp\/v2\/users\/2"}],"replies":[{"embeddable":true,"href":"https:\/\/www.beachvolleygraz.com\/index.php?rest_route=%2Fwp%2Fv2%2Fcomments&post=58"}],"version-history":[{"count":0,"href":"https:\/\/www.beachvolleygraz.com\/index.php?rest_route=\/wp\/v2\/pages\/58\/revisions"}],"wp:attachment":[{"href":"https:\/\/www.beachvolleygraz.com\/index.php?rest_route=%2Fwp%2Fv2%2Fmedia&parent=58"}],"curies":[{"name":"wp","href":"https:\/\/api.w.org\/{rel}","templated":true}]}}