{"id":89,"date":"2012-02-20T16:31:31","date_gmt":"2012-02-20T16:31:31","guid":{"rendered":"http:\/\/localhost:8888\/bvcgraz\/?page_id=89"},"modified":"2012-04-13T23:23:12","modified_gmt":"2012-04-13T23:23:12","slug":"cafe-mur-beach","status":"publish","type":"page","link":"https:\/\/www.beachvolleygraz.com\/?page_id=89","title":{"rendered":"Mur Beach"},"content":{"rendered":"<p>Mur Beach<br \/>\nMakartgasse 30,\u00a08010 Graz<br \/>\nReservierungshotline: 0664\/4707585<br \/>\nWebsite: <a title=\"Cafe Mur Beach\" href=\"http:\/\/www.murbeach.at\" target=\"_blank\">http:\/\/www.murbeach.at\u00a0<\/a><\/p>\n<p>Gastgarten und Beach Courts liegen direkt an der Mur Promenade auf H\u00f6he der HTL Ortwein in der K\u00f6r\u00f6sistra\u00dfe.<\/p>\n<p><strong>STUNDENPREISE<\/strong>:<br \/>\nbis 16.00 Uhr \u0080 12,00<br \/>\nab 16.00 Uhr \u0080 16,00<\/p>\n<p><iframe loading=\"lazy\" src=\"http:\/\/maps.google.at\/maps?f=q&amp;source=s_q&amp;hl=de&amp;geocode=&amp;q=Makartgasse+30,+Graz&amp;aq=1&amp;oq=makartgasse+30&amp;sll=47.635784,13.590088&amp;sspn=12.780958,18.522949&amp;ie=UTF8&amp;hq=&amp;hnear=Makartgasse+30,+Geidorf+8010+Graz,+Steiermark&amp;t=h&amp;ll=47.092764,15.421093&amp;spn=0.001808,0.00228&amp;z=18&amp;iwloc=A&amp;output=embed\" frameborder=\"0\" marginwidth=\"0\" marginheight=\"0\" scrolling=\"no\" width=\"425\" height=\"350\"><\/iframe><br \/>\n<small><a style=\"color: #fff; text-align: left;\" href=\"http:\/\/maps.google.at\/maps?f=q&amp;source=embed&amp;hl=de&amp;geocode=&amp;q=Makartgasse+30,+Graz&amp;aq=1&amp;oq=makartgasse+30&amp;sll=47.635784,13.590088&amp;sspn=12.780958,18.522949&amp;ie=UTF8&amp;hq=&amp;hnear=Makartgasse+30,+Geidorf+8010+Graz,+Steiermark&amp;t=h&amp;ll=47.092764,15.421093&amp;spn=0.001808,0.00228&amp;z=18&amp;iwloc=A\">Gr\u00f6\u00dfere Kartenansicht<\/a><\/small><\/p>\n","protected":false},"excerpt":{"rendered":"<p>Mur Beach Makartgasse 30,\u00a08010 Graz Reservierungshotline: 0664\/4707585 Website: http:\/\/www.murbeach.at\u00a0 Gastgarten und Beach Courts liegen direkt an der Mur Promenade auf H\u00f6he der HTL Ortwein in der K\u00f6r\u00f6sistra\u00dfe. STUNDENPREISE: bis 16.00 Uhr \u0080 12,00 ab 16.00 Uhr \u0080 16,00 Gr\u00f6\u00dfere Kartenansicht<\/p>\n","protected":false},"author":2,"featured_media":0,"parent":58,"menu_order":0,"comment_status":"closed","ping_status":"closed","template":"","meta":{"jetpack_post_was_ever_published":false,"footnotes":""},"jetpack_sharing_enabled":true,"jetpack_shortlink":"https:\/\/wp.me\/P61ydw-1r","_links":{"self":[{"href":"https:\/\/www.beachvolleygraz.com\/index.php?rest_route=\/wp\/v2\/pages\/89"}],"collection":[{"href":"https:\/\/www.beachvolleygraz.com\/index.php?rest_route=\/wp\/v2\/pages"}],"about":[{"href":"https:\/\/www.beachvolleygraz.com\/index.php?rest_route=\/wp\/v2\/types\/page"}],"author":[{"embeddable":true,"href":"https:\/\/www.beachvolleygraz.com\/index.php?rest_route=\/wp\/v2\/users\/2"}],"replies":[{"embeddable":true,"href":"https:\/\/www.beachvolleygraz.com\/index.php?rest_route=%2Fwp%2Fv2%2Fcomments&post=89"}],"version-history":[{"count":10,"href":"https:\/\/www.beachvolleygraz.com\/index.php?rest_route=\/wp\/v2\/pages\/89\/revisions"}],"predecessor-version":[{"id":252,"href":"https:\/\/www.beachvolleygraz.com\/index.php?rest_route=\/wp\/v2\/pages\/89\/revisions\/252"}],"up":[{"embeddable":true,"href":"https:\/\/www.beachvolleygraz.com\/index.php?rest_route=\/wp\/v2\/pages\/58"}],"wp:attachment":[{"href":"https:\/\/www.beachvolleygraz.com\/index.php?rest_route=%2Fwp%2Fv2%2Fmedia&parent=89"}],"curies":[{"name":"wp","href":"https:\/\/api.w.org\/{rel}","templated":true}]}}