{"id":9,"date":"2012-02-20T14:34:13","date_gmt":"2012-02-20T14:34:13","guid":{"rendered":"http:\/\/localhost:8888\/bvcgraz\/?page_id=9"},"modified":"2017-04-27T20:06:21","modified_gmt":"2017-04-27T20:06:21","slug":"unser-verein","status":"publish","type":"page","link":"https:\/\/www.beachvolleygraz.com\/?page_id=9","title":{"rendered":"Verein"},"content":{"rendered":"<p>Der Beach Volley Club Graz ist ein gemeinn\u00fctziger, nicht auf Gewinn ausgerichteter, unpolitischer Sportverein, der sich in der Sportart Beach Volleyball f\u00fcr die Umsetzung nachstehender Punkte einsetzt:<\/p>\n<p>&#8211; die Sportart Beach Volleyball popul\u00e4r zu machen<br \/>\n&#8211; Beach Volleyball Turniere zu veranstalten<br \/>\n&#8211; Trainingsm\u00f6glichkeiten zu schaffen<br \/>\n&#8211; Trainingsst\u00e4tten zu betreuen und Instand zu halten<br \/>\n&#8211; den Nachwuchs zu f\u00f6rdern<br \/>\n&#8211; Trainingslager zu organisieren<br \/>\n&#8211; sich f\u00fcr den Bau von Beach Volleyball Anlagen im Freien und in der Halle einzusetzen<br \/>\n&#8211; gesellige Zusammenk\u00fcnfte zu organisieren<\/p>\n<p>&#8211; <a title=\"Vorstand\" href=\"http:\/\/localhost:8888\/bvcgraz\/?page_id=12\">Der Vorstand<\/a><\/p>\n<p>&#8211; <a title=\"Trainerstunden\" href=\"http:\/\/localhost:8888\/bvcgraz\/?page_id=21\">Trainerstunden\u00a0<\/a><\/p>\n<p>&nbsp;<\/p>\n","protected":false},"excerpt":{"rendered":"<p>Der Beach Volley Club Graz ist ein gemeinn\u00fctziger, nicht auf Gewinn ausgerichteter, unpolitischer Sportverein, der sich in der Sportart Beach Volleyball f\u00fcr die Umsetzung nachstehender Punkte einsetzt: &#8211; die Sportart Beach Volleyball popul\u00e4r zu machen &#8211; Beach Volleyball Turniere zu &hellip; <a href=\"https:\/\/www.beachvolleygraz.com\/?page_id=9\">Weiterlesen <span class=\"meta-nav\">&rarr;<\/span><\/a><\/p>\n","protected":false},"author":2,"featured_media":0,"parent":0,"menu_order":0,"comment_status":"closed","ping_status":"closed","template":"","meta":{"jetpack_post_was_ever_published":false,"footnotes":""},"jetpack_sharing_enabled":true,"jetpack_shortlink":"https:\/\/wp.me\/P61ydw-9","_links":{"self":[{"href":"https:\/\/www.beachvolleygraz.com\/index.php?rest_route=\/wp\/v2\/pages\/9"}],"collection":[{"href":"https:\/\/www.beachvolleygraz.com\/index.php?rest_route=\/wp\/v2\/pages"}],"about":[{"href":"https:\/\/www.beachvolleygraz.com\/index.php?rest_route=\/wp\/v2\/types\/page"}],"author":[{"embeddable":true,"href":"https:\/\/www.beachvolleygraz.com\/index.php?rest_route=\/wp\/v2\/users\/2"}],"replies":[{"embeddable":true,"href":"https:\/\/www.beachvolleygraz.com\/index.php?rest_route=%2Fwp%2Fv2%2Fcomments&post=9"}],"version-history":[{"count":6,"href":"https:\/\/www.beachvolleygraz.com\/index.php?rest_route=\/wp\/v2\/pages\/9\/revisions"}],"predecessor-version":[{"id":600,"href":"https:\/\/www.beachvolleygraz.com\/index.php?rest_route=\/wp\/v2\/pages\/9\/revisions\/600"}],"wp:attachment":[{"href":"https:\/\/www.beachvolleygraz.com\/index.php?rest_route=%2Fwp%2Fv2%2Fmedia&parent=9"}],"curies":[{"name":"wp","href":"https:\/\/api.w.org\/{rel}","templated":true}]}}